{"id":116,"date":"2015-10-14T11:33:38","date_gmt":"2015-10-14T09:33:38","guid":{"rendered":"http:\/\/graess-schildertechnik.de\/?page_id=116"},"modified":"2019-03-14T10:04:47","modified_gmt":"2019-03-14T09:04:47","slug":"agb","status":"publish","type":"page","link":"http:\/\/graess-schildertechnik.de\/index.php\/agb\/","title":{"rendered":"AGB"},"content":{"rendered":"<p style=\"text-align: justify;\">\u00a71 Nach Beratung\/Anfrage erh\u00e4lt der Kunde von uns ein schriftl. Angebot per Brief, Fax o. E-Mail. Nach Freigabe bzw. Best\u00e4tigung erstellen wir eine verbindliche Auftragsbest\u00e4tigung.<br \/>\nI.&nbsp;&nbsp;&nbsp;&nbsp;&nbsp;&nbsp;&nbsp;&nbsp;&nbsp;&nbsp;&nbsp; Bei Auftr\u00e4gen von sog. Neukunden f\u00e4llt eine Anzahlung auf den Brutto-Gesamtrechnungsbetrag von 50% an. Restzahlung erfolgt bei Abholung, bzw. nach Erhalt der Ware.<\/p>\n<p style=\"text-align: justify;\">II.&nbsp;&nbsp;&nbsp;&nbsp;&nbsp;&nbsp;&nbsp;&nbsp;&nbsp;&nbsp;&nbsp; Weitere Zahlungsmodalit\u00e4ten sind der jeweiligen Auftragsbest\u00e4tigung entnehmbar.<\/p>\n<p style=\"text-align: justify;\"><div class=\"hrule clearfix\"><\/div>\n<p style=\"text-align: justify;\">\u00a72&nbsp;Mit der Auftragserteilung best\u00e4tigt der Auftraggeber, dass er s\u00e4mtliche f\u00fcr die Durchf\u00fchrung des Auftrags erforderlichen Urheber-, Leistungsschutz- und sonstigen Rechte inneh\u00e4lt bzw. abgel\u00f6st hat. Er \u00fcbernimmt hierf\u00fcr die volle Haftung und stellt die Freie Form von allen Anspr\u00fcchen Dritter frei, insbesondere von Anspr\u00fcchen wettbewerbs- und urheberrechtlicher Art. Das Urheberrecht an den von der von uns hergestellten Entw\u00fcrfen, Designs, Skizzen u. a. steht uns in vollem Umfang alleine zu.<\/p>\n<p style=\"text-align: justify;\"><div class=\"hrule clearfix\"><\/div>\n\u00a73&nbsp;Wir behalten uns das Eigentum an den gelieferten Artikeln bis zum Eingang aller Zahlungen aus der Gesch\u00e4ftsbeziehung vor.<\/p>\n<p style=\"text-align: justify;\">I. &nbsp; &nbsp; &nbsp; &nbsp;Bei vertragswidrigem Verhalten des Bestellers, insbesondere bei Zahlungsverzug, sind wir berechtigt, die Kaufsache zur\u00fcckzunehmen. In der Zur\u00fccknahme durch uns liegt kein R\u00fccktritt vom Vertrag vor. Ein Verwertungserl\u00f6s wird auf die Verbindlichkeiten des Bestellers angerechnet.<\/p>\n<p style=\"text-align: justify;\"><div class=\"hrule clearfix\"><\/div>\n\u00a74&nbsp;M\u00fcndliche Absprachen haben keine G\u00fcltigkeit. S\u00e4mtliche Vereinbarungen bed\u00fcrfen der Schriftform.<\/p>\n<p style=\"text-align: justify;\"><div class=\"hrule clearfix\"><\/div>\n\u00a75&nbsp;Die Lieferzeit betr\u00e4gt in der Regel 10 Werktage, kann sich aber in Ausnahmef\u00e4llen verl\u00e4ngern. Lieferzeiten sind abh\u00e4ngig von Verf\u00fcgbarkeit der gew\u00fcnschten Artikel und Auslastung der Maschinen. (Absolute) Fixgesch\u00e4fte bed\u00fcrfen der ausdr\u00fccklichen schriftlichen Best\u00e4tigung durch uns. Terminangaben in Auftragsbest\u00e4tigungen, sind soweit wie oben beschrieben, nicht explizit vorher schriftlich best\u00e4tigt, nur gesch\u00e4tze Termine.<\/p>\n<p style=\"text-align: justify;\"><div class=\"hrule clearfix\"><\/div>\n\u00a76&nbsp;Der Versand der Ware erfolgt i.d.R. per Fastway, auf Kundenwunsch per Overnightkurier. Versandkosten werden nach Menge u. Gewicht durchbelastet.<\/p>\n<p style=\"text-align: justify;\">I.&nbsp;&nbsp;&nbsp;&nbsp;&nbsp;&nbsp;&nbsp;&nbsp;&nbsp;&nbsp;&nbsp; Weist die Verpackung bei der Zustellung \u00e4u\u00dferliche Sch\u00e4den auf, sollte die Annahme mit einem entsprechenden Hinweis an den Zustelldienst verweigert werden (ggf. Name des Zustellers notieren). Falls ein Schaden oder eine Falschlieferung erst nach dem \u00d6ffnen der Verpackung festgestellt wird, setzen Sie sich bitte mit uns in Verbindung, damit eine eventuelle R\u00fccksendung von unserer Seite veranlasst werden kann. Senden Sie auf keinen Fall Ware ohne vorherige R\u00fccksprache unfrei an uns zur\u00fcck. Wir verweigern grunds\u00e4tzlich die Annahme nicht frankierter Sendungen. Bei berechtigten Reklamationen erstatten wir die Portokosten.<\/p>\n<p style=\"text-align: justify;\"><div class=\"hrule clearfix\"><\/div>\n\u00a77&nbsp;Bei jedem Laserauftrag berechnen wir Werkzeugkosten f\u00fcr Schablonen und ggf. Filme. Diese Kosten decken lediglich die Arbeits- und Materialkosten ab. Der Kunde erwirbt kein Eigentum an den Schablonen oder Filmen.<\/p>\n<p style=\"text-align: justify;\">I.&nbsp;&nbsp;&nbsp;&nbsp;&nbsp;&nbsp;&nbsp;&nbsp;&nbsp;&nbsp;&nbsp; Schablonen werden nach jedem Auftrag entschichet. Nur bei sehr gro\u00dfen Auflagen k\u00f6nnen diese einen gewissen Zeitraum nach Absprache aufbewahrt werden. Bei einer Nachauflage fallen daher die Schablonenvorkosten erneut an.<\/p>\n<p style=\"text-align: justify;\">II.&nbsp;&nbsp;&nbsp;&nbsp;&nbsp;&nbsp;&nbsp;&nbsp;&nbsp;&nbsp;&nbsp; Filme werden von uns archiviert und werden daher bei unver\u00e4nderten Nachauflagen nicht mehr in Rechnung gestellt. Bitte legen Sie uns bei einem Wiederholungsauftrag ein Muster der letzten Lieferung vor.<\/p>\n<p style=\"text-align: justify;\"><div class=\"hrule clearfix\"><\/div>\n<p>\u00a78 Die Abbildungen auf diesen Internetseiten k\u00f6nnen in Form und Farbe von den tats\u00e4chlichen Artikeln abweichen. Aufgrund unterschiedlicher Browserdarstellungen sowie den beschr\u00e4nkten Farbwiedergaben im Internet sind unsere Angaben nicht verbindlich, bem\u00fchen sich jedoch um gro\u00dfm\u00f6gliche Authentizit\u00e4t.<\/p>\n<div class=\"hrule clearfix\"><\/div>\n<p style=\"text-align: justify;\">\u00a79 Alle Preise sind Nettopreise&nbsp;(zzgl. MwSt.)&nbsp;Zwischenverkauf vorbehalten. Irrt\u00fcmer (Datenbank- oder Satzfehler) und kurzfristige Preis\u00e4nderungen vorbehalten<\/p>\n","protected":false},"excerpt":{"rendered":"<p>\u00a71 Nach Beratung\/Anfrage erh\u00e4lt der Kunde von uns ein schriftl. Angebot per Brief, Fax o. E-Mail. Nach Freigabe bzw. Best\u00e4tigung erstellen wir eine verbindliche Auftragsbest\u00e4tigung. I.&nbsp;&nbsp;&nbsp;&nbsp;&nbsp;&nbsp;&nbsp;&nbsp;&nbsp;&nbsp;&nbsp; Bei Auftr\u00e4gen von sog. Neukunden f\u00e4llt eine Anzahlung auf den Brutto-Gesamtrechnungsbetrag von 50% an. &hellip; <a href=\"http:\/\/graess-schildertechnik.de\/index.php\/agb\/\">Weiter<\/a><\/p>\n","protected":false},"author":1,"featured_media":0,"parent":0,"menu_order":0,"comment_status":"closed","ping_status":"closed","template":"","meta":{"_mi_skip_tracking":false},"aioseo_notices":[],"_links":{"self":[{"href":"http:\/\/graess-schildertechnik.de\/index.php\/wp-json\/wp\/v2\/pages\/116"}],"collection":[{"href":"http:\/\/graess-schildertechnik.de\/index.php\/wp-json\/wp\/v2\/pages"}],"about":[{"href":"http:\/\/graess-schildertechnik.de\/index.php\/wp-json\/wp\/v2\/types\/page"}],"author":[{"embeddable":true,"href":"http:\/\/graess-schildertechnik.de\/index.php\/wp-json\/wp\/v2\/users\/1"}],"replies":[{"embeddable":true,"href":"http:\/\/graess-schildertechnik.de\/index.php\/wp-json\/wp\/v2\/comments?post=116"}],"version-history":[{"count":13,"href":"http:\/\/graess-schildertechnik.de\/index.php\/wp-json\/wp\/v2\/pages\/116\/revisions"}],"predecessor-version":[{"id":288,"href":"http:\/\/graess-schildertechnik.de\/index.php\/wp-json\/wp\/v2\/pages\/116\/revisions\/288"}],"wp:attachment":[{"href":"http:\/\/graess-schildertechnik.de\/index.php\/wp-json\/wp\/v2\/media?parent=116"}],"curies":[{"name":"wp","href":"https:\/\/api.w.org\/{rel}","templated":true}]}}