{"id":118,"date":"2015-10-14T11:33:51","date_gmt":"2015-10-14T09:33:51","guid":{"rendered":"http:\/\/graess-schildertechnik.de\/?page_id=118"},"modified":"2019-03-14T10:05:47","modified_gmt":"2019-03-14T09:05:47","slug":"impressum","status":"publish","type":"page","link":"http:\/\/graess-schildertechnik.de\/index.php\/impressum\/","title":{"rendered":"Impressum"},"content":{"rendered":"<h5>ANGABEN GEM\u00c4SS \u00a7 5 TMG<\/h5>\n<p>Gr\u00e4ss Rental GmbH<br \/>\nAm Hohen Rain 4<br \/>\n89347 Bubesheim<\/p>\n<h5>VERTRETEN DURCH:<\/h5>\n<p>Manuel Gr\u00e4\u00df<br \/>\nMichael Gr\u00e4\u00df<\/p>\n<h5>KONTAKT:<\/h5>\n<table>\n<tbody>\n<tr>\n<td>Telefon:<\/td>\n<td>+49 8221 937 11 30<\/td>\n<\/tr>\n<tr>\n<td>E-Mail:<\/td>\n<td><a href=\"mailto:info@holzhof-bayern.de\">i<\/a><a href=\"mailto:info@graess-schildertechnik.de\">nfo@graess-schildertechnik.de<\/a><\/td>\n<\/tr>\n<\/tbody>\n<\/table>\n<h5>REGISTEREINTRAG:<\/h5>\n<p>Eintragung im Handelsregister.<br \/>\nRegistergericht:Memmingen<br \/>\nRegisternummer: HRB 15708<\/p>\n<h5>UMSATZSTEUER-ID:<\/h5>\n<p>Umsatzsteuer-Identifikationsnummer gem\u00e4\u00df \u00a727 a Umsatzsteuergesetz:<br \/>\nDE 292679187<\/p>\n","protected":false},"excerpt":{"rendered":"<p>ANGABEN GEM\u00c4SS \u00a7 5 TMG Gr\u00e4ss Rental GmbH Am Hohen Rain 4 89347 Bubesheim VERTRETEN DURCH: Manuel Gr\u00e4\u00df Michael Gr\u00e4\u00df KONTAKT: Telefon: +49 8221 937 11 30 E-Mail: info@graess-schildertechnik.de REGISTEREINTRAG: Eintragung im Handelsregister. Registergericht:Memmingen Registernummer: HRB 15708 UMSATZSTEUER-ID: Umsatzsteuer-Identifikationsnummer gem\u00e4\u00df &hellip; <a href=\"http:\/\/graess-schildertechnik.de\/index.php\/impressum\/\">Weiter<\/a><\/p>\n","protected":false},"author":1,"featured_media":0,"parent":0,"menu_order":0,"comment_status":"closed","ping_status":"closed","template":"","meta":{"_mi_skip_tracking":false},"aioseo_notices":[],"_links":{"self":[{"href":"http:\/\/graess-schildertechnik.de\/index.php\/wp-json\/wp\/v2\/pages\/118"}],"collection":[{"href":"http:\/\/graess-schildertechnik.de\/index.php\/wp-json\/wp\/v2\/pages"}],"about":[{"href":"http:\/\/graess-schildertechnik.de\/index.php\/wp-json\/wp\/v2\/types\/page"}],"author":[{"embeddable":true,"href":"http:\/\/graess-schildertechnik.de\/index.php\/wp-json\/wp\/v2\/users\/1"}],"replies":[{"embeddable":true,"href":"http:\/\/graess-schildertechnik.de\/index.php\/wp-json\/wp\/v2\/comments?post=118"}],"version-history":[{"count":6,"href":"http:\/\/graess-schildertechnik.de\/index.php\/wp-json\/wp\/v2\/pages\/118\/revisions"}],"predecessor-version":[{"id":279,"href":"http:\/\/graess-schildertechnik.de\/index.php\/wp-json\/wp\/v2\/pages\/118\/revisions\/279"}],"wp:attachment":[{"href":"http:\/\/graess-schildertechnik.de\/index.php\/wp-json\/wp\/v2\/media?parent=118"}],"curies":[{"name":"wp","href":"https:\/\/api.w.org\/{rel}","templated":true}]}}