{"id":19,"date":"2015-10-09T12:27:52","date_gmt":"2015-10-09T10:27:52","guid":{"rendered":"http:\/\/graess-schildertechnik.de\/?page_id=19"},"modified":"2019-03-14T10:06:22","modified_gmt":"2019-03-14T09:06:22","slug":"service","status":"publish","type":"page","link":"http:\/\/graess-schildertechnik.de\/index.php\/service\/","title":{"rendered":"Service"},"content":{"rendered":"<p><img decoding=\"async\" loading=\"lazy\" class=\"aligncenter wp-image-253 size-large\" src=\"http:\/\/graess-schildertechnik.de\/wp-content\/uploads\/2019\/02\/DJI_0023-1024x576.jpg\" alt=\"\" width=\"940\" height=\"529\" srcset=\"http:\/\/graess-schildertechnik.de\/wp-content\/uploads\/2019\/02\/DJI_0023-1024x576.jpg 1024w, http:\/\/graess-schildertechnik.de\/wp-content\/uploads\/2019\/02\/DJI_0023-300x169.jpg 300w, http:\/\/graess-schildertechnik.de\/wp-content\/uploads\/2019\/02\/DJI_0023-768x432.jpg 768w, http:\/\/graess-schildertechnik.de\/wp-content\/uploads\/2019\/02\/DJI_0023-600x338.jpg 600w, http:\/\/graess-schildertechnik.de\/wp-content\/uploads\/2019\/02\/DJI_0023-280x158.jpg 280w\" sizes=\"(max-width: 940px) 100vw, 940px\" \/><\/p>\n<div class=\"clearfix\"><\/div>\n<div class=\"clearfix\"><\/div>\n<h3 style=\"text-align: justify;\">Gr\u00e4ss-Schildertechnik steht f\u00fcr:&nbsp;Flexibilit\u00e4t &#8211;&nbsp; Pr\u00e4zision und absolute Termintreue<\/h3>\n<p>Sie suchen einen leistungsstarken Dienstleister im Bereich Laserbeschriftung und Lasergravur?<\/p>\n<p>W\u00e4hrend herk\u00f6mmliche Graviermethoden schnell an ihre Grenzen sto\u00dfen, bietet unsere Lasergravur eine Vielzahl von Vorteilen. Mit unseren modernen Maschinen bewegen wir uns auf dem neusten Stand der Lasertechnik. Sodass jede Lasergravur &nbsp;die wir durchf\u00fchren aufgrund ihrer exakten Ausf\u00fchrung \u00fcberzeugt.<\/p>\n<p>Gr\u00e4ss-Schildertechnik graviert unterschiedlichste Materialien ganz nach Ihren individuellen Vorstellungen und Bed\u00fcrfnissen.&nbsp;Wenn Sie uns den Auftrag f\u00fcr eine Lasergravur erteilen, k\u00f6nnen Sie sich auf eine erstklassige Ausf\u00fchrung verlassen. Kurze Bearbeitungszeiten geh\u00f6ren dabei zu unserem kundenorientierten Service.<\/p>\n<p>Nutzen Sie ganz bequem unser Online-Formular f\u00fcr Ihre Pers\u00f6nliche Anfrage.<\/p>\n<p><strong>Musteranfertigung<\/strong><br \/>\nBei Auftragserteilung erhalten Sie je nach Produkt und Auflagenh\u00f6he die Kosten f\u00fcr eine Mustererstellung gutgeschrieben.<\/p>\n<p>F\u00fcr die Beantwortung Ihrer Fragen stehen wir Ihnen gerne zur Verf\u00fcgung.<\/p>\n<p>Gr\u00e4ss-Schildertechnik beliefert die Photovoltaik-, Metall-, Elektro- und Elektronikindustrie sowie Vertriebsfirmen, Privat und Direktkunden.<\/p>\n<h6 style=\"text-align: justify;\"><\/h6>\n<h5 style=\"text-align: justify;\"><\/h5>\n<h5><\/h5>\n","protected":false},"excerpt":{"rendered":"<p>Gr\u00e4ss-Schildertechnik steht f\u00fcr:&nbsp;Flexibilit\u00e4t &#8211;&nbsp; Pr\u00e4zision und absolute Termintreue Sie suchen einen leistungsstarken Dienstleister im Bereich Laserbeschriftung und Lasergravur? W\u00e4hrend herk\u00f6mmliche Graviermethoden schnell an ihre Grenzen sto\u00dfen, bietet unsere Lasergravur eine Vielzahl von Vorteilen. Mit unseren modernen Maschinen bewegen wir uns &hellip; <a href=\"http:\/\/graess-schildertechnik.de\/index.php\/service\/\">Weiter<\/a><\/p>\n","protected":false},"author":1,"featured_media":0,"parent":0,"menu_order":0,"comment_status":"closed","ping_status":"closed","template":"page-fullwidth.php","meta":{"_mi_skip_tracking":false},"aioseo_notices":[],"_links":{"self":[{"href":"http:\/\/graess-schildertechnik.de\/index.php\/wp-json\/wp\/v2\/pages\/19"}],"collection":[{"href":"http:\/\/graess-schildertechnik.de\/index.php\/wp-json\/wp\/v2\/pages"}],"about":[{"href":"http:\/\/graess-schildertechnik.de\/index.php\/wp-json\/wp\/v2\/types\/page"}],"author":[{"embeddable":true,"href":"http:\/\/graess-schildertechnik.de\/index.php\/wp-json\/wp\/v2\/users\/1"}],"replies":[{"embeddable":true,"href":"http:\/\/graess-schildertechnik.de\/index.php\/wp-json\/wp\/v2\/comments?post=19"}],"version-history":[{"count":35,"href":"http:\/\/graess-schildertechnik.de\/index.php\/wp-json\/wp\/v2\/pages\/19\/revisions"}],"predecessor-version":[{"id":290,"href":"http:\/\/graess-schildertechnik.de\/index.php\/wp-json\/wp\/v2\/pages\/19\/revisions\/290"}],"wp:attachment":[{"href":"http:\/\/graess-schildertechnik.de\/index.php\/wp-json\/wp\/v2\/media?parent=19"}],"curies":[{"name":"wp","href":"https:\/\/api.w.org\/{rel}","templated":true}]}}