{"id":53,"date":"2015-10-09T13:16:33","date_gmt":"2015-10-09T11:16:33","guid":{"rendered":"http:\/\/graess-schildertechnik.de\/?page_id=53"},"modified":"2019-03-14T10:06:52","modified_gmt":"2019-03-14T09:06:52","slug":"startseite","status":"publish","type":"page","link":"http:\/\/graess-schildertechnik.de\/","title":{"rendered":"Startseite"},"content":{"rendered":"<h2><div class=\"product-list responsive grid \"  data-ic_ajax_query='{\"post_type\":\"al_product\",\"post__in\":[\"191\",\" 164\",\" 162\"],\"posts_per_page\":100,\"archive_template\":\"grid\"}'>\r\n\r\n<div class=\"archive-listing product-191 classic-grid publish no-price first\">\r\n\t<a href=\"http:\/\/graess-schildertechnik.de\/index.php\/produktkategorien\/produkte\/reihenbeschriftung\/\">\r\n\t\t<div class=\"classic-grid-image-wrapper\"><div class=\"pseudo\"><\/div><div class=\"image\"><img width=\"450\" height=\"600\" src=\"http:\/\/graess-schildertechnik.de\/wp-content\/uploads\/2015\/10\/Reihenbeschriftung-1-e1445866589174-450x600.jpg\" class=\"classic-grid-image\" alt=\"Reihenbeschriftung\" decoding=\"async\" loading=\"lazy\" srcset=\"http:\/\/graess-schildertechnik.de\/wp-content\/uploads\/2015\/10\/Reihenbeschriftung-1-e1445866589174-450x600.jpg 450w, http:\/\/graess-schildertechnik.de\/wp-content\/uploads\/2015\/10\/Reihenbeschriftung-1-e1445866589174-225x300.jpg 225w, http:\/\/graess-schildertechnik.de\/wp-content\/uploads\/2015\/10\/Reihenbeschriftung-1-e1445866589174-768x1024.jpg 768w, http:\/\/graess-schildertechnik.de\/wp-content\/uploads\/2015\/10\/Reihenbeschriftung-1-e1445866589174-120x160.jpg 120w, http:\/\/graess-schildertechnik.de\/wp-content\/uploads\/2015\/10\/Reihenbeschriftung-1-e1445866589174.jpg 1224w\" sizes=\"(max-width: 450px) 100vw, 450px\" \/><\/div><\/div>\r\n\t\t<h3 class=\"product-name\">Reihenbeschriftung<\/h3>\t\t\t<\/a>\r\n\t<\/div>\r\n\r\n\r\n\r\n<div class=\"archive-listing product-164 classic-grid publish no-price middle\">\r\n\t<a href=\"http:\/\/graess-schildertechnik.de\/index.php\/produktkategorien\/produkte\/wechselrichter-beschriftung\/\">\r\n\t\t<div class=\"classic-grid-image-wrapper\"><div class=\"pseudo\"><\/div><div class=\"image\"><img width=\"450\" height=\"600\" src=\"http:\/\/graess-schildertechnik.de\/wp-content\/uploads\/2015\/10\/Wechselrichterbeschriftung-4-e1445862344611-450x600.jpg\" class=\"classic-grid-image\" alt=\"Wechselrichterbeschriftung\" decoding=\"async\" loading=\"lazy\" srcset=\"http:\/\/graess-schildertechnik.de\/wp-content\/uploads\/2015\/10\/Wechselrichterbeschriftung-4-e1445862344611-450x600.jpg 450w, http:\/\/graess-schildertechnik.de\/wp-content\/uploads\/2015\/10\/Wechselrichterbeschriftung-4-e1445862344611-225x300.jpg 225w, http:\/\/graess-schildertechnik.de\/wp-content\/uploads\/2015\/10\/Wechselrichterbeschriftung-4-e1445862344611-768x1024.jpg 768w, http:\/\/graess-schildertechnik.de\/wp-content\/uploads\/2015\/10\/Wechselrichterbeschriftung-4-e1445862344611-120x160.jpg 120w, http:\/\/graess-schildertechnik.de\/wp-content\/uploads\/2015\/10\/Wechselrichterbeschriftung-4-e1445862344611.jpg 1224w\" sizes=\"(max-width: 450px) 100vw, 450px\" \/><\/div><\/div>\r\n\t\t<h3 class=\"product-name\">Wechselrichterbeschriftung<\/h3>\t\t\t<\/a>\r\n\t<\/div>\r\n\r\n\r\n\r\n<div class=\"archive-listing product-162 classic-grid publish no-price last\">\r\n\t<a href=\"http:\/\/graess-schildertechnik.de\/index.php\/produktkategorien\/produkte\/kabelbeschriftung-photovoltaik\/\">\r\n\t\t<div class=\"classic-grid-image-wrapper\"><div class=\"pseudo\"><\/div><div class=\"image\"><img width=\"600\" height=\"450\" src=\"http:\/\/graess-schildertechnik.de\/wp-content\/uploads\/2015\/10\/Kabelbeschriftung-5-600x450.jpg\" class=\"classic-grid-image\" alt=\"Kabelbeschriftung Photovoltaik &#8211; String\" decoding=\"async\" loading=\"lazy\" srcset=\"http:\/\/graess-schildertechnik.de\/wp-content\/uploads\/2015\/10\/Kabelbeschriftung-5-600x450.jpg 600w, http:\/\/graess-schildertechnik.de\/wp-content\/uploads\/2015\/10\/Kabelbeschriftung-5-300x225.jpg 300w, http:\/\/graess-schildertechnik.de\/wp-content\/uploads\/2015\/10\/Kabelbeschriftung-5-1024x768.jpg 1024w, http:\/\/graess-schildertechnik.de\/wp-content\/uploads\/2015\/10\/Kabelbeschriftung-5-213x160.jpg 213w, http:\/\/graess-schildertechnik.de\/wp-content\/uploads\/2015\/10\/Kabelbeschriftung-5.jpg 1632w\" sizes=\"(max-width: 600px) 100vw, 600px\" \/><\/div><\/div>\r\n\t\t<h3 class=\"product-name\">Kabelbeschriftung Photovoltaik &#8211; String<\/h3>\t\t\t<\/a>\r\n\t<\/div>\r\n\r\n<div style=\"clear:both\"><\/div><\/div><\/h2>\n<h1 style=\"text-align: left;\"><strong>Photovoltaik Solar<br \/>\nString Wechselrichter Schilder&nbsp; Kabelbeschriftungen<\/strong><\/h1>\n<p style=\"text-align: justify;\">Durch eine eindeutige Zuordnung Ihrer String und Kabelbeschriftungen reduzieren und vereinfachen Sie den Service Ihrer Photovoltaikanlagen.<\/p>\n<p style=\"text-align: justify;\">Wie viele Ihrer PV-Module unterliegen rund um die Uhr jeglichen Witterungseinfl\u00fcssen?&nbsp; F\u00fcr die eindeutige Antwort haben wir ebenso eine klare L\u00f6sung.UV-Best\u00e4ndige Stringkabel, Wechselrichter und Reihenbeschriftungen.<\/p>\n<h4><strong>Anwendungen und Anwendungsgebiete:<\/strong><strong>&nbsp;<\/strong><\/h4>\n<ul>\n<li>\n<h4>Schaltger\u00e4te- und Ger\u00e4teplatzkennzeichnung<\/h4>\n<\/li>\n<li>\n<h4>Einzelader- Leitungs- und Schlauchkennzeichnung<\/h4>\n<\/li>\n<li>\n<h4>Klemmenkennzeichnung<\/h4>\n<\/li>\n<li>\n<h4>Einzelbuchstaben lasergeschnitten<\/h4>\n<\/li>\n<li>\n<h4>Elektroinstallation, Kabelbeschriftung<\/h4>\n<\/li>\n<li>\n<h4>Einlegeschilder<\/h4>\n<\/li>\n<li>\n<h4>Bedien- und Meldeger\u00e4tekennzeichnung<\/h4>\n<\/li>\n<li>\n<h4>Automaten-, Elektroindustriebetriebe<\/h4>\n<\/li>\n<li>\n<h4>Elektronik- und Anlagenbau<\/h4>\n<\/li>\n<li>\n<h4>Heizungs- und L\u00fcftungsbau<\/h4>\n<\/li>\n<li>\n<h4>Maschinen- und Systembau<\/h4>\n<\/li>\n<li>\n<h4>Messebau<\/h4>\n<\/li>\n<li>\n<h4>Schulen und \u00f6ffentliche Geb\u00e4ude<\/h4>\n<\/li>\n<li>\n<h4>Verpackungs- und Automatisierungsindustrie<\/h4>\n<\/li>\n<li>\n<h4>Kabelbeschriftung Photovoltaik<\/h4>\n<\/li>\n<li>\n<h4>Wechselrichterbeschriftung<\/h4>\n<\/li>\n<li>\n<h4>PV Reihenbeschriftung<\/h4>\n<\/li>\n<li>\n<h4>Photovoltaik String Schilder \/ Stringschilder \/ String Beschriftung<\/h4>\n<\/li>\n<li>\n<h4>PV-Beschriftungen<\/h4>\n<\/li>\n<li>\n<h4>Inverter Beschriftung<\/h4>\n<\/li>\n<li>\n<h4>Photovoltaik Dachanlagen<\/h4>\n<\/li>\n<li>\n<h4>Photovoltaik Freifl\u00e4chen Gro\u00dfanlagen<\/h4>\n<\/li>\n<li>\n<h4>Anlagenkennzeichnung<\/h4>\n<\/li>\n<li>\n<h4>Kabelschilder<\/h4>\n<\/li>\n<\/ul>\n<p>Gr\u00e4ss Schildertechnik &#8211; M\u00f6glicher Expressversand nach Deutschland, \u00d6sterreich,Schweiz &amp; INTERNATIONAL<\/p>\n","protected":false},"excerpt":{"rendered":"<p>Photovoltaik Solar String Wechselrichter Schilder&nbsp; Kabelbeschriftungen Durch eine eindeutige Zuordnung Ihrer String und Kabelbeschriftungen reduzieren und vereinfachen Sie den Service Ihrer Photovoltaikanlagen. Wie viele Ihrer PV-Module unterliegen rund um die Uhr jeglichen Witterungseinfl\u00fcssen?&nbsp; F\u00fcr die eindeutige Antwort haben wir ebenso &hellip; <a href=\"http:\/\/graess-schildertechnik.de\/index.php\/produktkategorien\/produkte\/kabelbeschriftung-photovoltaik\/\">Weiter<\/a><\/p>\n","protected":false},"author":1,"featured_media":0,"parent":0,"menu_order":0,"comment_status":"closed","ping_status":"closed","template":"page-fullwidth.php","meta":{"_mi_skip_tracking":false},"aioseo_notices":[],"_links":{"self":[{"href":"http:\/\/graess-schildertechnik.de\/index.php\/wp-json\/wp\/v2\/pages\/53"}],"collection":[{"href":"http:\/\/graess-schildertechnik.de\/index.php\/wp-json\/wp\/v2\/pages"}],"about":[{"href":"http:\/\/graess-schildertechnik.de\/index.php\/wp-json\/wp\/v2\/types\/page"}],"author":[{"embeddable":true,"href":"http:\/\/graess-schildertechnik.de\/index.php\/wp-json\/wp\/v2\/users\/1"}],"replies":[{"embeddable":true,"href":"http:\/\/graess-schildertechnik.de\/index.php\/wp-json\/wp\/v2\/comments?post=53"}],"version-history":[{"count":31,"href":"http:\/\/graess-schildertechnik.de\/index.php\/wp-json\/wp\/v2\/pages\/53\/revisions"}],"predecessor-version":[{"id":291,"href":"http:\/\/graess-schildertechnik.de\/index.php\/wp-json\/wp\/v2\/pages\/53\/revisions\/291"}],"wp:attachment":[{"href":"http:\/\/graess-schildertechnik.de\/index.php\/wp-json\/wp\/v2\/media?parent=53"}],"curies":[{"name":"wp","href":"https:\/\/api.w.org\/{rel}","templated":true}]}}